{"id":490,"date":"2021-10-20T17:59:03","date_gmt":"2021-10-20T17:59:03","guid":{"rendered":"http:\/\/localhost\/forcomm\/?page_id=490"},"modified":"2021-11-08T22:57:49","modified_gmt":"2021-11-08T22:57:49","slug":"titre-professionnel-vendeur-se-en-magasin","status":"publish","type":"page","link":"https:\/\/webmaster.bmperp.com\/index.php\/titre-professionnel-vendeur-se-en-magasin\/","title":{"rendered":"Titre Professionnel Vendeur (se) en magasin"},"content":{"rendered":"\t\t<div data-elementor-type=\"wp-page\" data-elementor-id=\"490\" class=\"elementor elementor-490\" data-elementor-settings=\"[]\">\n\t\t\t\t\t\t\t<div class=\"elementor-section-wrap\">\n\t\t\t\t\t\t\t<section class=\"elementor-section elementor-top-section elementor-element elementor-element-94a0ac4 elementor-section-full_width elementor-section-stretched elementor-section-height-default elementor-section-height-default\" data-id=\"94a0ac4\" data-element_type=\"section\" data-settings=\"{&quot;stretch_section&quot;:&quot;section-stretched&quot;,&quot;background_background&quot;:&quot;classic&quot;}\">\n\t\t\t\t\t\t<div class=\"elementor-container elementor-column-gap-default\">\n\t\t\t\t\t<div class=\"elementor-column elementor-col-100 elementor-top-column elementor-element elementor-element-79119c5\" data-id=\"79119c5\" data-element_type=\"column\">\n\t\t\t<div class=\"elementor-widget-wrap elementor-element-populated\">\n\t\t\t\t\t\t\t\t<div class=\"elementor-element elementor-element-bd7b422 elementor-widget elementor-widget-heading\" data-id=\"bd7b422\" data-element_type=\"widget\" data-widget_type=\"heading.default\">\n\t\t\t\t<div class=\"elementor-widget-container\">\n\t\t\t<h2 class=\"elementor-heading-title elementor-size-default\">Titre professionnel Vendeur(e) en magasin<\/h2>\t\t<\/div>\n\t\t\t\t<\/div>\n\t\t\t\t\t<\/div>\n\t\t<\/div>\n\t\t\t\t\t\t\t<\/div>\n\t\t<\/section>\n\t\t\t\t<section class=\"elementor-section elementor-top-section elementor-element elementor-element-157c1fd elementor-section-stretched elementor-section-boxed elementor-section-height-default elementor-section-height-default\" data-id=\"157c1fd\" data-element_type=\"section\" data-settings=\"{&quot;stretch_section&quot;:&quot;section-stretched&quot;}\">\n\t\t\t\t\t\t<div class=\"elementor-container elementor-column-gap-default\">\n\t\t\t\t\t<div class=\"elementor-column elementor-col-50 elementor-top-column elementor-element elementor-element-b45a6c4\" data-id=\"b45a6c4\" data-element_type=\"column\">\n\t\t\t<div class=\"elementor-widget-wrap elementor-element-populated\">\n\t\t\t\t\t\t\t\t<div class=\"elementor-element elementor-element-e89097a elementor-widget elementor-widget-image\" data-id=\"e89097a\" data-element_type=\"widget\" data-widget_type=\"image.default\">\n\t\t\t\t<div class=\"elementor-widget-container\">\n\t\t\t\t\t\t\t\t\t\t\t\t\t\t\t<img loading=\"lazy\" decoding=\"async\" width=\"275\" height=\"183\" src=\"https:\/\/webmaster.bmperp.com\/wp-content\/uploads\/2021\/10\/images-2.jpg\" class=\"attachment-large size-large\" alt=\"\" \/>\t\t\t\t\t\t\t\t\t\t\t\t\t\t\t<\/div>\n\t\t\t\t<\/div>\n\t\t\t\t\t<\/div>\n\t\t<\/div>\n\t\t\t\t<div class=\"elementor-column elementor-col-50 elementor-top-column elementor-element elementor-element-64f0a18\" data-id=\"64f0a18\" data-element_type=\"column\">\n\t\t\t<div class=\"elementor-widget-wrap elementor-element-populated\">\n\t\t\t\t\t\t\t\t<div class=\"elementor-element elementor-element-db6e2f0 elementor-widget elementor-widget-premium-addon-title\" data-id=\"db6e2f0\" data-element_type=\"widget\" data-widget_type=\"premium-addon-title.default\">\n\t\t\t\t<div class=\"elementor-widget-container\">\n\t\t\t\n\t<div class=\"premium-title-container style7\">\n\t\t<h2 class=\"premium-title-header premium-title-style7\">\n\t\t\t\t\t\t\t\t\t\t\t\t<span class=\"premium-title-style7-stripe-wrap\">\n\t\t\t\t\t\t<span class=\"premium-title-style7-stripe\"><\/span>\n\t\t\t\t\t<\/span>\n\t\t\t\t\t\t\t\t<div class=\"premium-title-style7-inner\">\n\t\t\t\n\t\t\t\n\t\t\t\t\t\t\t\t\t\t\t\t\t\t\t\t<span class=\"premium-title-text\" >\n\t\t\t\tTitre du minist\u00e8re de l'emploi\t\t\t<\/span>\n\t\t\t\t\n\t\t\t\t\t\t\t<\/div>\n\t\t\t\t\t\t\t\t<\/h2>\n\t<\/div>\n\n\t\t\t\t<\/div>\n\t\t\t\t<\/div>\n\t\t\t\t<div class=\"elementor-element elementor-element-6774041 elementor-widget elementor-widget-text-editor\" data-id=\"6774041\" data-element_type=\"widget\" data-widget_type=\"text-editor.default\">\n\t\t\t\t<div class=\"elementor-widget-container\">\n\t\t\t\t\t\t\t<h6>La formation pour l&#8217;obtention du Titre professionnel Vendeur(se) conseil en magasin est accessible en continue ou en contrat de professionnalisation sur Le Mans .\u00a0<\/h6><p>Dur\u00e9e en centre : 630 heures<\/p><p>Dur\u00e9e en entreprise : 245 heures (formation continue contacter le centre pour le contrat professionnalisation)<\/p>\t\t\t\t\t\t<\/div>\n\t\t\t\t<\/div>\n\t\t\t\t\t<\/div>\n\t\t<\/div>\n\t\t\t\t\t\t\t<\/div>\n\t\t<\/section>\n\t\t\t\t<section class=\"elementor-section elementor-top-section elementor-element elementor-element-2048273 elementor-section-full_width elementor-section-stretched elementor-section-height-default elementor-section-height-default\" data-id=\"2048273\" data-element_type=\"section\" data-settings=\"{&quot;stretch_section&quot;:&quot;section-stretched&quot;,&quot;background_background&quot;:&quot;gradient&quot;}\">\n\t\t\t\t\t\t<div class=\"elementor-container elementor-column-gap-default\">\n\t\t\t\t\t<div class=\"elementor-column elementor-col-100 elementor-top-column elementor-element elementor-element-ba4e3df\" data-id=\"ba4e3df\" data-element_type=\"column\">\n\t\t\t<div class=\"elementor-widget-wrap elementor-element-populated\">\n\t\t\t\t\t\t\t\t<div class=\"elementor-element elementor-element-ec81b33 elementor-invisible elementor-widget elementor-widget-heading\" data-id=\"ec81b33\" data-element_type=\"widget\" data-settings=\"{&quot;_animation&quot;:&quot;bounceInDown&quot;}\" data-widget_type=\"heading.default\">\n\t\t\t\t<div class=\"elementor-widget-container\">\n\t\t\t<h2 class=\"elementor-heading-title elementor-size-default\">Objectifs de la formation<\/h2>\t\t<\/div>\n\t\t\t\t<\/div>\n\t\t\t\t\t<\/div>\n\t\t<\/div>\n\t\t\t\t\t\t\t<\/div>\n\t\t<\/section>\n\t\t\t\t<section class=\"elementor-section elementor-top-section elementor-element elementor-element-8a28d15 elementor-section-stretched elementor-section-boxed elementor-section-height-default elementor-section-height-default\" data-id=\"8a28d15\" data-element_type=\"section\" data-settings=\"{&quot;stretch_section&quot;:&quot;section-stretched&quot;,&quot;background_background&quot;:&quot;classic&quot;}\">\n\t\t\t\t\t\t<div class=\"elementor-container elementor-column-gap-default\">\n\t\t\t\t\t<div class=\"elementor-column elementor-col-100 elementor-top-column elementor-element elementor-element-99933ef\" data-id=\"99933ef\" data-element_type=\"column\">\n\t\t\t<div class=\"elementor-widget-wrap elementor-element-populated\">\n\t\t\t\t\t\t\t\t<div class=\"elementor-element elementor-element-792eb8d elementor-widget elementor-widget-text-editor\" data-id=\"792eb8d\" data-element_type=\"widget\" data-widget_type=\"text-editor.default\">\n\t\t\t\t<div class=\"elementor-widget-container\">\n\t\t\t\t\t\t\t<h6>L\u2019objectif de cette action est de former au titre professionnel Vendeur(se) conseil en magasin ou \u00e0 un des deux Certificats de Comp\u00e9tences Professionnelles composant le titre.<\/h6><p>Les objectifs\u00a0 de la formation:<\/p><p>Former \u00e0 l\u2019acquisition des comp\u00e9tences et des techniques professionnelles n\u00e9cessaires \u00e0 l\u2019exercice du m\u00e9tier de vendeur(se) conseil en magasin<\/p><p>Permettre aux stagiaires d\u2019acc\u00e9der \u00e0 l\u2019emploi et d\u2019\u00eatre op\u00e9rationnels sur un poste de vendeur (se) conseil en int\u00e9grant en particulier la familiarisation avec le milieu de l\u2019entreprise, la grande distribution notamment<\/p>\t\t\t\t\t\t<\/div>\n\t\t\t\t<\/div>\n\t\t\t\t\t<\/div>\n\t\t<\/div>\n\t\t\t\t\t\t\t<\/div>\n\t\t<\/section>\n\t\t\t\t<section class=\"elementor-section elementor-top-section elementor-element elementor-element-2775618 elementor-section-full_width elementor-section-stretched elementor-section-height-default elementor-section-height-default\" data-id=\"2775618\" data-element_type=\"section\" data-settings=\"{&quot;stretch_section&quot;:&quot;section-stretched&quot;,&quot;background_background&quot;:&quot;gradient&quot;}\">\n\t\t\t\t\t\t<div class=\"elementor-container elementor-column-gap-default\">\n\t\t\t\t\t<div class=\"elementor-column elementor-col-100 elementor-top-column elementor-element elementor-element-1a70cc8\" data-id=\"1a70cc8\" data-element_type=\"column\">\n\t\t\t<div class=\"elementor-widget-wrap elementor-element-populated\">\n\t\t\t\t\t\t\t\t<div class=\"elementor-element elementor-element-77caf0f elementor-widget elementor-widget-heading\" data-id=\"77caf0f\" data-element_type=\"widget\" data-widget_type=\"heading.default\">\n\t\t\t\t<div class=\"elementor-widget-container\">\n\t\t\t<h2 class=\"elementor-heading-title elementor-size-default\">Programme de la formation<\/h2>\t\t<\/div>\n\t\t\t\t<\/div>\n\t\t\t\t\t<\/div>\n\t\t<\/div>\n\t\t\t\t\t\t\t<\/div>\n\t\t<\/section>\n\t\t\t\t<section class=\"elementor-section elementor-top-section elementor-element elementor-element-4e5a229 elementor-section-stretched elementor-section-boxed elementor-section-height-default elementor-section-height-default\" data-id=\"4e5a229\" data-element_type=\"section\" data-settings=\"{&quot;stretch_section&quot;:&quot;section-stretched&quot;}\">\n\t\t\t\t\t\t<div class=\"elementor-container elementor-column-gap-default\">\n\t\t\t\t\t<div class=\"elementor-column elementor-col-100 elementor-top-column elementor-element elementor-element-0b871b1\" data-id=\"0b871b1\" data-element_type=\"column\">\n\t\t\t<div class=\"elementor-widget-wrap elementor-element-populated\">\n\t\t\t\t\t\t\t\t<div class=\"elementor-element elementor-element-ef00cd5 elementor-widget elementor-widget-text-editor\" data-id=\"ef00cd5\" data-element_type=\"widget\" data-widget_type=\"text-editor.default\">\n\t\t\t\t<div class=\"elementor-widget-container\">\n\t\t\t\t\t\t\t<table dir=\"ltr\" border=\"0\" cellspacing=\"0\" cellpadding=\"0\"><tbody><tr><td valign=\"Top\" bgcolor=\"white\" width=\"515\" height=\"165\"><p>&#8211; Assurer une veille sur les produits et services propos\u00e9s par l\u2019enseigne<\/p><p>&#8211; Contribuer \u00e0 la tenue et \u00e0 l\u2019animation de l\u2019espace de vente<\/p><p>&#8211; D\u00e9velopper sa connaissance des produits et contribuer \u00e0 l\u2019animation de l\u2019espace de vente<\/p><p>&#8211; Participer \u00e0 la gestion des flux marchandises<\/p><\/td><td valign=\"Top\" bgcolor=\"white\" width=\"96\" height=\"165\"><p>210 H<\/p><\/td><\/tr><\/tbody><\/table>\t\t\t\t\t\t<\/div>\n\t\t\t\t<\/div>\n\t\t\t\t\t<\/div>\n\t\t<\/div>\n\t\t\t\t\t\t\t<\/div>\n\t\t<\/section>\n\t\t\t\t\t\t<\/div>\n\t\t\t\t\t<\/div>\n\t\t","protected":false},"excerpt":{"rendered":"<p>Titre professionnel Vendeur(e) en magasin Titre du minist\u00e8re de l&#8217;emploi La formation pour l&#8217;obtention du Titre professionnel Vendeur(se) conseil en magasin est accessible en continue [&#8230;]<\/p>\n","protected":false},"author":1,"featured_media":0,"parent":0,"menu_order":0,"comment_status":"closed","ping_status":"closed","template":"templates\/template-no-title.php","meta":{"footnotes":""},"class_list":["post-490","page","type-page","status-publish","hentry"],"yoast_head":"<!-- This site is optimized with the Yoast SEO plugin v17.5 - https:\/\/yoast.com\/wordpress\/plugins\/seo\/ -->\n<title>Titre Professionnel Vendeur (se) en magasin - Forcomm<\/title>\n<meta name=\"robots\" content=\"index, follow, max-snippet:-1, max-image-preview:large, max-video-preview:-1\" \/>\n<link rel=\"canonical\" href=\"https:\/\/webmaster.bmperp.com\/index.php\/titre-professionnel-vendeur-se-en-magasin\/\" \/>\n<meta property=\"og:locale\" content=\"fr_FR\" \/>\n<meta property=\"og:type\" content=\"article\" \/>\n<meta property=\"og:title\" content=\"Titre Professionnel Vendeur (se) en magasin - Forcomm\" \/>\n<meta property=\"og:description\" content=\"Titre professionnel Vendeur(e) en magasin Titre du minist\u00e8re de l&#8217;emploi La formation pour l&#8217;obtention du Titre professionnel Vendeur(se) conseil en magasin est accessible en continue [...]\" \/>\n<meta property=\"og:url\" content=\"https:\/\/webmaster.bmperp.com\/index.php\/titre-professionnel-vendeur-se-en-magasin\/\" \/>\n<meta property=\"og:site_name\" content=\"Forcomm\" \/>\n<meta property=\"article:modified_time\" content=\"2021-11-08T22:57:49+00:00\" \/>\n<meta property=\"og:image\" content=\"http:\/\/localhost\/forcomm\/wp-content\/uploads\/2021\/10\/images-2.jpg\" \/>\n<meta name=\"twitter:card\" content=\"summary_large_image\" \/>\n<meta name=\"twitter:label1\" content=\"Dur\u00e9e de lecture est.\" \/>\n\t<meta name=\"twitter:data1\" content=\"1 minute\" \/>\n<script type=\"application\/ld+json\" class=\"yoast-schema-graph\">{\"@context\":\"https:\/\/schema.org\",\"@graph\":[{\"@type\":\"WebSite\",\"@id\":\"http:\/\/webmaster.bmperp.com\/#website\",\"url\":\"http:\/\/webmaster.bmperp.com\/\",\"name\":\"Forcomm\",\"description\":\"OPTIMISTE\",\"potentialAction\":[{\"@type\":\"SearchAction\",\"target\":{\"@type\":\"EntryPoint\",\"urlTemplate\":\"http:\/\/webmaster.bmperp.com\/?s={search_term_string}\"},\"query-input\":\"required name=search_term_string\"}],\"inLanguage\":\"fr-FR\"},{\"@type\":\"ImageObject\",\"@id\":\"https:\/\/webmaster.bmperp.com\/index.php\/titre-professionnel-vendeur-se-en-magasin\/#primaryimage\",\"inLanguage\":\"fr-FR\",\"url\":\"http:\/\/localhost\/forcomm\/wp-content\/uploads\/2021\/10\/images-2.jpg\",\"contentUrl\":\"http:\/\/localhost\/forcomm\/wp-content\/uploads\/2021\/10\/images-2.jpg\"},{\"@type\":\"WebPage\",\"@id\":\"https:\/\/webmaster.bmperp.com\/index.php\/titre-professionnel-vendeur-se-en-magasin\/#webpage\",\"url\":\"https:\/\/webmaster.bmperp.com\/index.php\/titre-professionnel-vendeur-se-en-magasin\/\",\"name\":\"Titre Professionnel Vendeur (se) en magasin - Forcomm\",\"isPartOf\":{\"@id\":\"http:\/\/webmaster.bmperp.com\/#website\"},\"primaryImageOfPage\":{\"@id\":\"https:\/\/webmaster.bmperp.com\/index.php\/titre-professionnel-vendeur-se-en-magasin\/#primaryimage\"},\"datePublished\":\"2021-10-20T17:59:03+00:00\",\"dateModified\":\"2021-11-08T22:57:49+00:00\",\"breadcrumb\":{\"@id\":\"https:\/\/webmaster.bmperp.com\/index.php\/titre-professionnel-vendeur-se-en-magasin\/#breadcrumb\"},\"inLanguage\":\"fr-FR\",\"potentialAction\":[{\"@type\":\"ReadAction\",\"target\":[\"https:\/\/webmaster.bmperp.com\/index.php\/titre-professionnel-vendeur-se-en-magasin\/\"]}]},{\"@type\":\"BreadcrumbList\",\"@id\":\"https:\/\/webmaster.bmperp.com\/index.php\/titre-professionnel-vendeur-se-en-magasin\/#breadcrumb\",\"itemListElement\":[{\"@type\":\"ListItem\",\"position\":1,\"name\":\"Accueil\",\"item\":\"http:\/\/webmaster.bmperp.com\/\"},{\"@type\":\"ListItem\",\"position\":2,\"name\":\"Titre Professionnel Vendeur (se) en magasin\"}]}]}<\/script>\n<!-- \/ Yoast SEO plugin. -->","yoast_head_json":{"title":"Titre Professionnel Vendeur (se) en magasin - Forcomm","robots":{"index":"index","follow":"follow","max-snippet":"max-snippet:-1","max-image-preview":"max-image-preview:large","max-video-preview":"max-video-preview:-1"},"canonical":"https:\/\/webmaster.bmperp.com\/index.php\/titre-professionnel-vendeur-se-en-magasin\/","og_locale":"fr_FR","og_type":"article","og_title":"Titre Professionnel Vendeur (se) en magasin - Forcomm","og_description":"Titre professionnel Vendeur(e) en magasin Titre du minist\u00e8re de l&#8217;emploi La formation pour l&#8217;obtention du Titre professionnel Vendeur(se) conseil en magasin est accessible en continue [...]","og_url":"https:\/\/webmaster.bmperp.com\/index.php\/titre-professionnel-vendeur-se-en-magasin\/","og_site_name":"Forcomm","article_modified_time":"2021-11-08T22:57:49+00:00","og_image":[{"url":"http:\/\/localhost\/forcomm\/wp-content\/uploads\/2021\/10\/images-2.jpg"}],"twitter_card":"summary_large_image","twitter_misc":{"Dur\u00e9e de lecture est.":"1 minute"},"schema":{"@context":"https:\/\/schema.org","@graph":[{"@type":"WebSite","@id":"http:\/\/webmaster.bmperp.com\/#website","url":"http:\/\/webmaster.bmperp.com\/","name":"Forcomm","description":"OPTIMISTE","potentialAction":[{"@type":"SearchAction","target":{"@type":"EntryPoint","urlTemplate":"http:\/\/webmaster.bmperp.com\/?s={search_term_string}"},"query-input":"required name=search_term_string"}],"inLanguage":"fr-FR"},{"@type":"ImageObject","@id":"https:\/\/webmaster.bmperp.com\/index.php\/titre-professionnel-vendeur-se-en-magasin\/#primaryimage","inLanguage":"fr-FR","url":"http:\/\/localhost\/forcomm\/wp-content\/uploads\/2021\/10\/images-2.jpg","contentUrl":"http:\/\/localhost\/forcomm\/wp-content\/uploads\/2021\/10\/images-2.jpg"},{"@type":"WebPage","@id":"https:\/\/webmaster.bmperp.com\/index.php\/titre-professionnel-vendeur-se-en-magasin\/#webpage","url":"https:\/\/webmaster.bmperp.com\/index.php\/titre-professionnel-vendeur-se-en-magasin\/","name":"Titre Professionnel Vendeur (se) en magasin - Forcomm","isPartOf":{"@id":"http:\/\/webmaster.bmperp.com\/#website"},"primaryImageOfPage":{"@id":"https:\/\/webmaster.bmperp.com\/index.php\/titre-professionnel-vendeur-se-en-magasin\/#primaryimage"},"datePublished":"2021-10-20T17:59:03+00:00","dateModified":"2021-11-08T22:57:49+00:00","breadcrumb":{"@id":"https:\/\/webmaster.bmperp.com\/index.php\/titre-professionnel-vendeur-se-en-magasin\/#breadcrumb"},"inLanguage":"fr-FR","potentialAction":[{"@type":"ReadAction","target":["https:\/\/webmaster.bmperp.com\/index.php\/titre-professionnel-vendeur-se-en-magasin\/"]}]},{"@type":"BreadcrumbList","@id":"https:\/\/webmaster.bmperp.com\/index.php\/titre-professionnel-vendeur-se-en-magasin\/#breadcrumb","itemListElement":[{"@type":"ListItem","position":1,"name":"Accueil","item":"http:\/\/webmaster.bmperp.com\/"},{"@type":"ListItem","position":2,"name":"Titre Professionnel Vendeur (se) en magasin"}]}]}},"_links":{"self":[{"href":"https:\/\/webmaster.bmperp.com\/index.php\/wp-json\/wp\/v2\/pages\/490","targetHints":{"allow":["GET"]}}],"collection":[{"href":"https:\/\/webmaster.bmperp.com\/index.php\/wp-json\/wp\/v2\/pages"}],"about":[{"href":"https:\/\/webmaster.bmperp.com\/index.php\/wp-json\/wp\/v2\/types\/page"}],"author":[{"embeddable":true,"href":"https:\/\/webmaster.bmperp.com\/index.php\/wp-json\/wp\/v2\/users\/1"}],"replies":[{"embeddable":true,"href":"https:\/\/webmaster.bmperp.com\/index.php\/wp-json\/wp\/v2\/comments?post=490"}],"version-history":[{"count":11,"href":"https:\/\/webmaster.bmperp.com\/index.php\/wp-json\/wp\/v2\/pages\/490\/revisions"}],"predecessor-version":[{"id":807,"href":"https:\/\/webmaster.bmperp.com\/index.php\/wp-json\/wp\/v2\/pages\/490\/revisions\/807"}],"wp:attachment":[{"href":"https:\/\/webmaster.bmperp.com\/index.php\/wp-json\/wp\/v2\/media?parent=490"}],"curies":[{"name":"wp","href":"https:\/\/api.w.org\/{rel}","templated":true}]}}