{"id":458,"date":"2021-10-20T13:06:38","date_gmt":"2021-10-20T13:06:38","guid":{"rendered":"http:\/\/localhost\/forcomm\/?page_id=458"},"modified":"2021-11-08T23:28:17","modified_gmt":"2021-11-08T23:28:17","slug":"bureautique","status":"publish","type":"page","link":"https:\/\/webmaster.bmperp.com\/index.php\/bureautique\/","title":{"rendered":"Bureautique"},"content":{"rendered":"\t\t<div data-elementor-type=\"wp-page\" data-elementor-id=\"458\" class=\"elementor elementor-458\" data-elementor-settings=\"[]\">\n\t\t\t\t\t\t\t<div class=\"elementor-section-wrap\">\n\t\t\t\t\t\t\t<section class=\"elementor-section elementor-top-section elementor-element elementor-element-86e34a1 elementor-section-stretched elementor-section-boxed elementor-section-height-default elementor-section-height-default\" data-id=\"86e34a1\" data-element_type=\"section\" data-settings=\"{&quot;stretch_section&quot;:&quot;section-stretched&quot;}\">\n\t\t\t\t\t\t<div class=\"elementor-container elementor-column-gap-default\">\n\t\t\t\t\t<div class=\"elementor-column elementor-col-50 elementor-top-column elementor-element elementor-element-cdda35e\" data-id=\"cdda35e\" data-element_type=\"column\">\n\t\t\t<div class=\"elementor-widget-wrap elementor-element-populated\">\n\t\t\t\t\t\t\t\t<div class=\"elementor-element elementor-element-c4d3780 elementor-widget elementor-widget-image\" data-id=\"c4d3780\" data-element_type=\"widget\" data-widget_type=\"image.default\">\n\t\t\t\t<div class=\"elementor-widget-container\">\n\t\t\t\t\t\t\t\t\t\t\t\t\t\t\t<img loading=\"lazy\" decoding=\"async\" width=\"275\" height=\"183\" src=\"https:\/\/webmaster.bmperp.com\/wp-content\/uploads\/2021\/10\/telechargement-24.jpg\" class=\"elementor-animation-pulse-grow attachment-full size-full\" alt=\"\" \/>\t\t\t\t\t\t\t\t\t\t\t\t\t\t\t<\/div>\n\t\t\t\t<\/div>\n\t\t\t\t\t<\/div>\n\t\t<\/div>\n\t\t\t\t<div class=\"elementor-column elementor-col-50 elementor-top-column elementor-element elementor-element-58e96a2\" data-id=\"58e96a2\" data-element_type=\"column\">\n\t\t\t<div class=\"elementor-widget-wrap elementor-element-populated\">\n\t\t\t\t\t\t\t\t<div class=\"elementor-element elementor-element-102cc3d elementor-widget elementor-widget-text-editor\" data-id=\"102cc3d\" data-element_type=\"widget\" data-widget_type=\"text-editor.default\">\n\t\t\t\t<div class=\"elementor-widget-container\">\n\t\t\t\t\t\t\t<h6 style=\"text-align: left;\">Forcomm propose un large choix de formation de courte dur\u00e9e en Bureautique afin de vous initier ou de vous perfectionnez dans le domaine choisi gr\u00e2ce \u00e0 notre expertise dans le domaine de la formation. Centre de formation agr\u00e9\u00e9 pour les formations bureautique.<\/h6><h6>Que vous soyez salari\u00e9, chef d\u2019entreprise, commer\u00e7ant, artisan ou demandeur d\u2019emploi profit\u00e9s d\u2019une formation correspondant \u00e0 vos attentes.<\/h6>\t\t\t\t\t\t<\/div>\n\t\t\t\t<\/div>\n\t\t\t\t\t<\/div>\n\t\t<\/div>\n\t\t\t\t\t\t\t<\/div>\n\t\t<\/section>\n\t\t\t\t<section class=\"elementor-section elementor-top-section elementor-element elementor-element-99f94e3 elementor-section-stretched elementor-section-boxed elementor-section-height-default elementor-section-height-default elementor-invisible\" data-id=\"99f94e3\" data-element_type=\"section\" data-settings=\"{&quot;stretch_section&quot;:&quot;section-stretched&quot;,&quot;background_background&quot;:&quot;classic&quot;,&quot;animation&quot;:&quot;zoomInDown&quot;}\">\n\t\t\t\t\t\t<div class=\"elementor-container elementor-column-gap-default\">\n\t\t\t\t\t<div class=\"elementor-column elementor-col-100 elementor-top-column elementor-element elementor-element-c54701c\" data-id=\"c54701c\" data-element_type=\"column\">\n\t\t\t<div class=\"elementor-widget-wrap elementor-element-populated\">\n\t\t\t\t\t\t\t\t<div class=\"elementor-element elementor-element-94868ed elementor-invisible elementor-widget elementor-widget-premium-addon-title\" data-id=\"94868ed\" data-element_type=\"widget\" data-settings=\"{&quot;_animation&quot;:&quot;zoomInDown&quot;,&quot;shining_animation_duration&quot;:&quot;1&quot;}\" data-widget_type=\"premium-addon-title.default\">\n\t\t\t\t<div class=\"elementor-widget-container\">\n\t\t\t\n\t<div class=\"premium-title-container style8\">\n\t\t<h2 class=\"premium-title-header premium-title-style8\">\n\t\t\t\n\t\t\t\n\t\t\t\t\t\t\t\t\t<span class=\"premium-title-text\" data-shiny-delay=\"2\" data-shiny-dur=\"1\" >\n\t\t\t\tNous proposons \u00e9galement des packs de formations complets :\t\t\t<\/span>\n\t\t\t\t\n\t\t\t\t\t\t\t\t<\/h2>\n\t<\/div>\n\n\t\t\t\t<\/div>\n\t\t\t\t<\/div>\n\t\t\t\t\t<\/div>\n\t\t<\/div>\n\t\t\t\t\t\t\t<\/div>\n\t\t<\/section>\n\t\t\t\t<section class=\"elementor-section elementor-top-section elementor-element elementor-element-ce2affd elementor-section-stretched elementor-section-boxed elementor-section-height-default elementor-section-height-default\" data-id=\"ce2affd\" data-element_type=\"section\" data-settings=\"{&quot;stretch_section&quot;:&quot;section-stretched&quot;}\">\n\t\t\t\t\t\t<div class=\"elementor-container elementor-column-gap-default\">\n\t\t\t\t\t<div class=\"elementor-column elementor-col-50 elementor-top-column elementor-element elementor-element-7346c5d\" data-id=\"7346c5d\" data-element_type=\"column\">\n\t\t\t<div class=\"elementor-widget-wrap elementor-element-populated\">\n\t\t\t\t\t\t\t\t<div class=\"elementor-element elementor-element-d957690 elementor-widget elementor-widget-image\" data-id=\"d957690\" data-element_type=\"widget\" data-widget_type=\"image.default\">\n\t\t\t\t<div class=\"elementor-widget-container\">\n\t\t\t\t\t\t\t\t\t\t\t\t\t\t\t<img loading=\"lazy\" decoding=\"async\" width=\"269\" height=\"187\" src=\"https:\/\/webmaster.bmperp.com\/wp-content\/uploads\/2021\/10\/telechargement-25-1.jpg\" class=\"elementor-animation-wobble-to-top-right attachment-large size-large\" alt=\"\" \/>\t\t\t\t\t\t\t\t\t\t\t\t\t\t\t<\/div>\n\t\t\t\t<\/div>\n\t\t\t\t\t<\/div>\n\t\t<\/div>\n\t\t\t\t<div class=\"elementor-column elementor-col-50 elementor-top-column elementor-element elementor-element-e23020b\" data-id=\"e23020b\" data-element_type=\"column\">\n\t\t\t<div class=\"elementor-widget-wrap elementor-element-populated\">\n\t\t\t\t\t\t\t\t<div class=\"elementor-element elementor-element-92034d3 elementor-widget elementor-widget-image\" data-id=\"92034d3\" data-element_type=\"widget\" data-widget_type=\"image.default\">\n\t\t\t\t<div class=\"elementor-widget-container\">\n\t\t\t\t\t\t\t\t\t\t\t\t\t\t\t<img loading=\"lazy\" decoding=\"async\" width=\"300\" height=\"200\" src=\"https:\/\/webmaster.bmperp.com\/wp-content\/uploads\/2021\/10\/pexels-kampus-production-8204403-300x200-1.jpg\" class=\"elementor-animation-bounce-in attachment-large size-large\" alt=\"\" \/>\t\t\t\t\t\t\t\t\t\t\t\t\t\t\t<\/div>\n\t\t\t\t<\/div>\n\t\t\t\t\t<\/div>\n\t\t<\/div>\n\t\t\t\t\t\t\t<\/div>\n\t\t<\/section>\n\t\t\t\t<section class=\"elementor-section elementor-top-section elementor-element elementor-element-c622280 elementor-section-stretched elementor-section-boxed elementor-section-height-default elementor-section-height-default\" data-id=\"c622280\" data-element_type=\"section\" data-settings=\"{&quot;stretch_section&quot;:&quot;section-stretched&quot;}\">\n\t\t\t\t\t\t<div class=\"elementor-container elementor-column-gap-default\">\n\t\t\t\t\t<div class=\"elementor-column elementor-col-50 elementor-top-column elementor-element elementor-element-f1668d7\" data-id=\"f1668d7\" data-element_type=\"column\">\n\t\t\t<div class=\"elementor-widget-wrap elementor-element-populated\">\n\t\t\t\t\t\t\t\t<div class=\"elementor-element elementor-element-b8689ac elementor-widget elementor-widget-premium-addon-title\" data-id=\"b8689ac\" data-element_type=\"widget\" data-widget_type=\"premium-addon-title.default\">\n\t\t\t\t<div class=\"elementor-widget-container\">\n\t\t\t\n\t<div class=\"premium-title-container style7\">\n\t\t<h3 class=\"premium-title-header premium-title-style7\">\n\t\t\t\t\t\t\t\t\t\t\t\t<span class=\"premium-title-style7-stripe-wrap\">\n\t\t\t\t\t\t<span class=\"premium-title-style7-stripe\"><\/span>\n\t\t\t\t\t<\/span>\n\t\t\t\t\t\t\t\t<div class=\"premium-title-style7-inner\">\n\t\t\t\n\t\t\t\n\t\t\t\t\t\t\t\t\t\t\t\t\t\t\t\t<span class=\"premium-title-text\" >\n\t\t\t\tPack Initiation bureautique :\t\t\t<\/span>\n\t\t\t\t\n\t\t\t\t\t\t\t<\/div>\n\t\t\t\t\t\t\t\t<\/h3>\n\t<\/div>\n\n\t\t\t\t<\/div>\n\t\t\t\t<\/div>\n\t\t\t\t\t<\/div>\n\t\t<\/div>\n\t\t\t\t<div class=\"elementor-column elementor-col-50 elementor-top-column elementor-element elementor-element-28695a3\" data-id=\"28695a3\" data-element_type=\"column\">\n\t\t\t<div class=\"elementor-widget-wrap elementor-element-populated\">\n\t\t\t\t\t\t\t\t<div class=\"elementor-element elementor-element-f190eac elementor-widget elementor-widget-premium-addon-title\" data-id=\"f190eac\" data-element_type=\"widget\" data-widget_type=\"premium-addon-title.default\">\n\t\t\t\t<div class=\"elementor-widget-container\">\n\t\t\t\n\t<div class=\"premium-title-container style7\">\n\t\t<h3 class=\"premium-title-header premium-title-style7\">\n\t\t\t\t\t\t\t\t\t\t\t\t<span class=\"premium-title-style7-stripe-wrap\">\n\t\t\t\t\t\t<span class=\"premium-title-style7-stripe\"><\/span>\n\t\t\t\t\t<\/span>\n\t\t\t\t\t\t\t\t<div class=\"premium-title-style7-inner\">\n\t\t\t\n\t\t\t\n\t\t\t\t\t\t\t\t\t\t\t\t\t\t\t\t<span class=\"premium-title-text\" >\n\t\t\t\tPack Maitrise bureautique :\t\t\t<\/span>\n\t\t\t\t\n\t\t\t\t\t\t\t<\/div>\n\t\t\t\t\t\t\t\t<\/h3>\n\t<\/div>\n\n\t\t\t\t<\/div>\n\t\t\t\t<\/div>\n\t\t\t\t\t<\/div>\n\t\t<\/div>\n\t\t\t\t\t\t\t<\/div>\n\t\t<\/section>\n\t\t\t\t<section class=\"elementor-section elementor-top-section elementor-element elementor-element-3ffe3ae elementor-section-full_width elementor-section-stretched elementor-section-height-default elementor-section-height-default\" data-id=\"3ffe3ae\" data-element_type=\"section\" data-settings=\"{&quot;stretch_section&quot;:&quot;section-stretched&quot;}\">\n\t\t\t\t\t\t<div class=\"elementor-container elementor-column-gap-default\">\n\t\t\t\t\t<div class=\"elementor-column elementor-col-50 elementor-top-column elementor-element elementor-element-044b799\" data-id=\"044b799\" data-element_type=\"column\">\n\t\t\t<div class=\"elementor-widget-wrap elementor-element-populated\">\n\t\t\t\t\t\t\t\t<div class=\"elementor-element elementor-element-24de0dd elementor-widget elementor-widget-heading\" data-id=\"24de0dd\" data-element_type=\"widget\" data-widget_type=\"heading.default\">\n\t\t\t\t<div class=\"elementor-widget-container\">\n\t\t\t<h6 class=\"elementor-heading-title elementor-size-default\">9 Jours<\/h6>\t\t<\/div>\n\t\t\t\t<\/div>\n\t\t\t\t<div class=\"elementor-element elementor-element-b56c6cd elementor-widget elementor-widget-text-editor\" data-id=\"b56c6cd\" data-element_type=\"widget\" data-widget_type=\"text-editor.default\">\n\t\t\t\t<div class=\"elementor-widget-container\">\n\t\t\t\t\t\t\t<h6>&#8211; Gagnez en Productivit\u00e9<\/h6><h6>&#8211; D\u00e9couvrez les outils indispensables \u00e0 la bureautique<\/h6>\t\t\t\t\t\t<\/div>\n\t\t\t\t<\/div>\n\t\t\t\t\t<\/div>\n\t\t<\/div>\n\t\t\t\t<div class=\"elementor-column elementor-col-50 elementor-top-column elementor-element elementor-element-db62b9c\" data-id=\"db62b9c\" data-element_type=\"column\">\n\t\t\t<div class=\"elementor-widget-wrap elementor-element-populated\">\n\t\t\t\t\t\t\t\t<div class=\"elementor-element elementor-element-8ea957a elementor-widget elementor-widget-heading\" data-id=\"8ea957a\" data-element_type=\"widget\" data-widget_type=\"heading.default\">\n\t\t\t\t<div class=\"elementor-widget-container\">\n\t\t\t<h6 class=\"elementor-heading-title elementor-size-default\">9 Jours<\/h6>\t\t<\/div>\n\t\t\t\t<\/div>\n\t\t\t\t<div class=\"elementor-element elementor-element-7d92042 elementor-widget elementor-widget-text-editor\" data-id=\"7d92042\" data-element_type=\"widget\" data-widget_type=\"text-editor.default\">\n\t\t\t\t<div class=\"elementor-widget-container\">\n\t\t\t\t\t\t\t<div class=\"row\"><h6>&#8211; Gagnez en Productivit\u00e9<\/h6><h6>&#8211; Maitrisez les outils indispensables \u00e0 la bureautique<\/h6><h6 class=\"sm-margin\">\u00a0<\/h6><\/div>\t\t\t\t\t\t<\/div>\n\t\t\t\t<\/div>\n\t\t\t\t\t<\/div>\n\t\t<\/div>\n\t\t\t\t\t\t\t<\/div>\n\t\t<\/section>\n\t\t\t\t\t\t<\/div>\n\t\t\t\t\t<\/div>\n\t\t","protected":false},"excerpt":{"rendered":"<p>Forcomm propose un large choix de formation de courte dur\u00e9e en Bureautique afin de vous initier ou de vous perfectionnez dans le domaine choisi gr\u00e2ce [&#8230;]<\/p>\n","protected":false},"author":1,"featured_media":0,"parent":0,"menu_order":0,"comment_status":"closed","ping_status":"closed","template":"templates\/template-no-title.php","meta":{"footnotes":""},"class_list":["post-458","page","type-page","status-publish","hentry"],"yoast_head":"<!-- This site is optimized with the Yoast SEO plugin v17.5 - https:\/\/yoast.com\/wordpress\/plugins\/seo\/ -->\n<title>Bureautique - Forcomm<\/title>\n<meta name=\"robots\" content=\"index, follow, max-snippet:-1, max-image-preview:large, max-video-preview:-1\" \/>\n<link rel=\"canonical\" href=\"https:\/\/webmaster.bmperp.com\/index.php\/bureautique\/\" \/>\n<meta property=\"og:locale\" content=\"fr_FR\" \/>\n<meta property=\"og:type\" content=\"article\" \/>\n<meta property=\"og:title\" content=\"Bureautique - Forcomm\" \/>\n<meta property=\"og:description\" content=\"Forcomm propose un large choix de formation de courte dur\u00e9e en Bureautique afin de vous initier ou de vous perfectionnez dans le domaine choisi gr\u00e2ce [...]\" \/>\n<meta property=\"og:url\" content=\"https:\/\/webmaster.bmperp.com\/index.php\/bureautique\/\" \/>\n<meta property=\"og:site_name\" content=\"Forcomm\" \/>\n<meta property=\"article:modified_time\" content=\"2021-11-08T23:28:17+00:00\" \/>\n<meta property=\"og:image\" content=\"http:\/\/localhost\/forcomm\/wp-content\/uploads\/2021\/10\/telechargement-24.jpg\" \/>\n<meta name=\"twitter:card\" content=\"summary_large_image\" \/>\n<meta name=\"twitter:label1\" content=\"Dur\u00e9e de lecture est.\" \/>\n\t<meta name=\"twitter:data1\" content=\"1 minute\" \/>\n<script type=\"application\/ld+json\" class=\"yoast-schema-graph\">{\"@context\":\"https:\/\/schema.org\",\"@graph\":[{\"@type\":\"WebSite\",\"@id\":\"http:\/\/webmaster.bmperp.com\/#website\",\"url\":\"http:\/\/webmaster.bmperp.com\/\",\"name\":\"Forcomm\",\"description\":\"OPTIMISTE\",\"potentialAction\":[{\"@type\":\"SearchAction\",\"target\":{\"@type\":\"EntryPoint\",\"urlTemplate\":\"http:\/\/webmaster.bmperp.com\/?s={search_term_string}\"},\"query-input\":\"required name=search_term_string\"}],\"inLanguage\":\"fr-FR\"},{\"@type\":\"ImageObject\",\"@id\":\"https:\/\/webmaster.bmperp.com\/index.php\/bureautique\/#primaryimage\",\"inLanguage\":\"fr-FR\",\"url\":\"http:\/\/localhost\/forcomm\/wp-content\/uploads\/2021\/10\/telechargement-24.jpg\",\"contentUrl\":\"http:\/\/localhost\/forcomm\/wp-content\/uploads\/2021\/10\/telechargement-24.jpg\"},{\"@type\":\"WebPage\",\"@id\":\"https:\/\/webmaster.bmperp.com\/index.php\/bureautique\/#webpage\",\"url\":\"https:\/\/webmaster.bmperp.com\/index.php\/bureautique\/\",\"name\":\"Bureautique - Forcomm\",\"isPartOf\":{\"@id\":\"http:\/\/webmaster.bmperp.com\/#website\"},\"primaryImageOfPage\":{\"@id\":\"https:\/\/webmaster.bmperp.com\/index.php\/bureautique\/#primaryimage\"},\"datePublished\":\"2021-10-20T13:06:38+00:00\",\"dateModified\":\"2021-11-08T23:28:17+00:00\",\"breadcrumb\":{\"@id\":\"https:\/\/webmaster.bmperp.com\/index.php\/bureautique\/#breadcrumb\"},\"inLanguage\":\"fr-FR\",\"potentialAction\":[{\"@type\":\"ReadAction\",\"target\":[\"https:\/\/webmaster.bmperp.com\/index.php\/bureautique\/\"]}]},{\"@type\":\"BreadcrumbList\",\"@id\":\"https:\/\/webmaster.bmperp.com\/index.php\/bureautique\/#breadcrumb\",\"itemListElement\":[{\"@type\":\"ListItem\",\"position\":1,\"name\":\"Accueil\",\"item\":\"http:\/\/webmaster.bmperp.com\/\"},{\"@type\":\"ListItem\",\"position\":2,\"name\":\"Bureautique\"}]}]}<\/script>\n<!-- \/ Yoast SEO plugin. -->","yoast_head_json":{"title":"Bureautique - Forcomm","robots":{"index":"index","follow":"follow","max-snippet":"max-snippet:-1","max-image-preview":"max-image-preview:large","max-video-preview":"max-video-preview:-1"},"canonical":"https:\/\/webmaster.bmperp.com\/index.php\/bureautique\/","og_locale":"fr_FR","og_type":"article","og_title":"Bureautique - Forcomm","og_description":"Forcomm propose un large choix de formation de courte dur\u00e9e en Bureautique afin de vous initier ou de vous perfectionnez dans le domaine choisi gr\u00e2ce [...]","og_url":"https:\/\/webmaster.bmperp.com\/index.php\/bureautique\/","og_site_name":"Forcomm","article_modified_time":"2021-11-08T23:28:17+00:00","og_image":[{"url":"http:\/\/localhost\/forcomm\/wp-content\/uploads\/2021\/10\/telechargement-24.jpg"}],"twitter_card":"summary_large_image","twitter_misc":{"Dur\u00e9e de lecture est.":"1 minute"},"schema":{"@context":"https:\/\/schema.org","@graph":[{"@type":"WebSite","@id":"http:\/\/webmaster.bmperp.com\/#website","url":"http:\/\/webmaster.bmperp.com\/","name":"Forcomm","description":"OPTIMISTE","potentialAction":[{"@type":"SearchAction","target":{"@type":"EntryPoint","urlTemplate":"http:\/\/webmaster.bmperp.com\/?s={search_term_string}"},"query-input":"required name=search_term_string"}],"inLanguage":"fr-FR"},{"@type":"ImageObject","@id":"https:\/\/webmaster.bmperp.com\/index.php\/bureautique\/#primaryimage","inLanguage":"fr-FR","url":"http:\/\/localhost\/forcomm\/wp-content\/uploads\/2021\/10\/telechargement-24.jpg","contentUrl":"http:\/\/localhost\/forcomm\/wp-content\/uploads\/2021\/10\/telechargement-24.jpg"},{"@type":"WebPage","@id":"https:\/\/webmaster.bmperp.com\/index.php\/bureautique\/#webpage","url":"https:\/\/webmaster.bmperp.com\/index.php\/bureautique\/","name":"Bureautique - Forcomm","isPartOf":{"@id":"http:\/\/webmaster.bmperp.com\/#website"},"primaryImageOfPage":{"@id":"https:\/\/webmaster.bmperp.com\/index.php\/bureautique\/#primaryimage"},"datePublished":"2021-10-20T13:06:38+00:00","dateModified":"2021-11-08T23:28:17+00:00","breadcrumb":{"@id":"https:\/\/webmaster.bmperp.com\/index.php\/bureautique\/#breadcrumb"},"inLanguage":"fr-FR","potentialAction":[{"@type":"ReadAction","target":["https:\/\/webmaster.bmperp.com\/index.php\/bureautique\/"]}]},{"@type":"BreadcrumbList","@id":"https:\/\/webmaster.bmperp.com\/index.php\/bureautique\/#breadcrumb","itemListElement":[{"@type":"ListItem","position":1,"name":"Accueil","item":"http:\/\/webmaster.bmperp.com\/"},{"@type":"ListItem","position":2,"name":"Bureautique"}]}]}},"_links":{"self":[{"href":"https:\/\/webmaster.bmperp.com\/index.php\/wp-json\/wp\/v2\/pages\/458","targetHints":{"allow":["GET"]}}],"collection":[{"href":"https:\/\/webmaster.bmperp.com\/index.php\/wp-json\/wp\/v2\/pages"}],"about":[{"href":"https:\/\/webmaster.bmperp.com\/index.php\/wp-json\/wp\/v2\/types\/page"}],"author":[{"embeddable":true,"href":"https:\/\/webmaster.bmperp.com\/index.php\/wp-json\/wp\/v2\/users\/1"}],"replies":[{"embeddable":true,"href":"https:\/\/webmaster.bmperp.com\/index.php\/wp-json\/wp\/v2\/comments?post=458"}],"version-history":[{"count":14,"href":"https:\/\/webmaster.bmperp.com\/index.php\/wp-json\/wp\/v2\/pages\/458\/revisions"}],"predecessor-version":[{"id":819,"href":"https:\/\/webmaster.bmperp.com\/index.php\/wp-json\/wp\/v2\/pages\/458\/revisions\/819"}],"wp:attachment":[{"href":"https:\/\/webmaster.bmperp.com\/index.php\/wp-json\/wp\/v2\/media?parent=458"}],"curies":[{"name":"wp","href":"https:\/\/api.w.org\/{rel}","templated":true}]}}