{"id":447,"date":"2021-10-20T12:22:29","date_gmt":"2021-10-20T12:22:29","guid":{"rendered":"http:\/\/localhost\/forcomm\/?page_id=447"},"modified":"2021-11-08T23:22:36","modified_gmt":"2021-11-08T23:22:36","slug":"rh-comptabilite-paie","status":"publish","type":"page","link":"https:\/\/webmaster.bmperp.com\/index.php\/rh-comptabilite-paie\/","title":{"rendered":"RH-comptabilit\u00e9 paie"},"content":{"rendered":"\t\t<div data-elementor-type=\"wp-page\" data-elementor-id=\"447\" class=\"elementor elementor-447\" data-elementor-settings=\"[]\">\n\t\t\t\t\t\t\t<div class=\"elementor-section-wrap\">\n\t\t\t\t\t\t\t<section class=\"elementor-section elementor-top-section elementor-element elementor-element-4bc21e1 elementor-section-stretched elementor-section-boxed elementor-section-height-default elementor-section-height-default\" data-id=\"4bc21e1\" data-element_type=\"section\" data-settings=\"{&quot;stretch_section&quot;:&quot;section-stretched&quot;}\">\n\t\t\t\t\t\t<div class=\"elementor-container elementor-column-gap-default\">\n\t\t\t\t\t<div class=\"elementor-column elementor-col-50 elementor-top-column elementor-element elementor-element-d2b401c\" data-id=\"d2b401c\" data-element_type=\"column\">\n\t\t\t<div class=\"elementor-widget-wrap elementor-element-populated\">\n\t\t\t\t\t\t\t\t<div class=\"elementor-element elementor-element-cb90e7e elementor-widget elementor-widget-image\" data-id=\"cb90e7e\" data-element_type=\"widget\" data-widget_type=\"image.default\">\n\t\t\t\t<div class=\"elementor-widget-container\">\n\t\t\t\t\t\t\t\t\t\t\t\t\t\t\t<img loading=\"lazy\" decoding=\"async\" width=\"294\" height=\"171\" src=\"https:\/\/webmaster.bmperp.com\/wp-content\/uploads\/2021\/10\/telechargement-22.jpg\" class=\"elementor-animation-wobble-to-top-right attachment-large size-large\" alt=\"\" \/>\t\t\t\t\t\t\t\t\t\t\t\t\t\t\t<\/div>\n\t\t\t\t<\/div>\n\t\t\t\t\t<\/div>\n\t\t<\/div>\n\t\t\t\t<div class=\"elementor-column elementor-col-50 elementor-top-column elementor-element elementor-element-efa142e\" data-id=\"efa142e\" data-element_type=\"column\">\n\t\t\t<div class=\"elementor-widget-wrap elementor-element-populated\">\n\t\t\t\t\t\t\t\t<div class=\"elementor-element elementor-element-5ed0911 elementor-widget elementor-widget-text-editor\" data-id=\"5ed0911\" data-element_type=\"widget\" data-widget_type=\"text-editor.default\">\n\t\t\t\t<div class=\"elementor-widget-container\">\n\t\t\t\t\t\t\t<h5>Forcomm propose un large choix de formation de courte dur\u00e9e en RH-Gestion afin de vous initier ou de vous perfectionnez dans le domaine choisi gr\u00e2ce \u00e0 notre expertise dans le domaine de la formation. Que vous soyez salari\u00e9, chef d\u2019entreprise, commer\u00e7ant, artisan ou demandeur d\u2019emploi profit\u00e9s d\u2019une formation correspondant \u00e0 vos attentes.<\/h5>\t\t\t\t\t\t<\/div>\n\t\t\t\t<\/div>\n\t\t\t\t\t<\/div>\n\t\t<\/div>\n\t\t\t\t\t\t\t<\/div>\n\t\t<\/section>\n\t\t\t\t<section class=\"elementor-section elementor-top-section elementor-element elementor-element-2d1f1f3 elementor-section-full_width elementor-section-stretched elementor-section-height-default elementor-section-height-default elementor-invisible\" data-id=\"2d1f1f3\" data-element_type=\"section\" data-settings=\"{&quot;stretch_section&quot;:&quot;section-stretched&quot;,&quot;background_background&quot;:&quot;gradient&quot;,&quot;animation&quot;:&quot;slideInDown&quot;}\">\n\t\t\t\t\t\t<div class=\"elementor-container elementor-column-gap-default\">\n\t\t\t\t\t<div class=\"elementor-column elementor-col-100 elementor-top-column elementor-element elementor-element-810ef81\" data-id=\"810ef81\" data-element_type=\"column\">\n\t\t\t<div class=\"elementor-widget-wrap elementor-element-populated\">\n\t\t\t\t\t\t\t\t<div class=\"elementor-element elementor-element-0b8aec0 elementor-widget elementor-widget-premium-addon-title\" data-id=\"0b8aec0\" data-element_type=\"widget\" data-widget_type=\"premium-addon-title.default\">\n\t\t\t\t<div class=\"elementor-widget-container\">\n\t\t\t\n\t<div class=\"premium-title-container style9\">\n\t\t<h2 class=\"premium-title-header premium-title-style9\" data-blur-delay=\"2\">\n\t\t\t\n\t\t\t\n\t\t\t\t\t\t<span><span class=\"premium-title-style9-letter\" data-letter-index=\"1\" data-letter=\"N\">N<\/span><span class=\"premium-title-style9-letter\" data-letter-index=\"2\" data-letter=\"o\">o<\/span><span class=\"premium-title-style9-letter\" data-letter-index=\"3\" data-letter=\"u\">u<\/span><span class=\"premium-title-style9-letter\" data-letter-index=\"4\" data-letter=\"s\">s<\/span><span class=\"premium-title-style9-letter\" data-letter-index=\"5\" data-letter=\" \"> <\/span><span class=\"premium-title-style9-letter\" data-letter-index=\"6\" data-letter=\"p\">p<\/span><span class=\"premium-title-style9-letter\" data-letter-index=\"7\" data-letter=\"r\">r<\/span><span class=\"premium-title-style9-letter\" data-letter-index=\"8\" data-letter=\"o\">o<\/span><span class=\"premium-title-style9-letter\" data-letter-index=\"9\" data-letter=\"p\">p<\/span><span class=\"premium-title-style9-letter\" data-letter-index=\"10\" data-letter=\"o\">o<\/span><span class=\"premium-title-style9-letter\" data-letter-index=\"11\" data-letter=\"s\">s<\/span><span class=\"premium-title-style9-letter\" data-letter-index=\"12\" data-letter=\"o\">o<\/span><span class=\"premium-title-style9-letter\" data-letter-index=\"13\" data-letter=\"n\">n<\/span><span class=\"premium-title-style9-letter\" data-letter-index=\"14\" data-letter=\"s\">s<\/span><span class=\"premium-title-style9-letter\" data-letter-index=\"15\" data-letter=\" \"> <\/span><span class=\"premium-title-style9-letter\" data-letter-index=\"16\" data-letter=\"\u00e9\">\u00e9<\/span><span class=\"premium-title-style9-letter\" data-letter-index=\"17\" data-letter=\"g\">g<\/span><span class=\"premium-title-style9-letter\" data-letter-index=\"18\" data-letter=\"a\">a<\/span><span class=\"premium-title-style9-letter\" data-letter-index=\"19\" data-letter=\"l\">l<\/span><span class=\"premium-title-style9-letter\" data-letter-index=\"20\" data-letter=\"e\">e<\/span><span class=\"premium-title-style9-letter\" data-letter-index=\"21\" data-letter=\"m\">m<\/span><span class=\"premium-title-style9-letter\" data-letter-index=\"22\" data-letter=\"e\">e<\/span><span class=\"premium-title-style9-letter\" data-letter-index=\"23\" data-letter=\"n\">n<\/span><span class=\"premium-title-style9-letter\" data-letter-index=\"24\" data-letter=\"t\">t<\/span><span class=\"premium-title-style9-letter\" data-letter-index=\"25\" data-letter=\" \"> <\/span><span class=\"premium-title-style9-letter\" data-letter-index=\"26\" data-letter=\"d\">d<\/span><span class=\"premium-title-style9-letter\" data-letter-index=\"27\" data-letter=\"e\">e<\/span><span class=\"premium-title-style9-letter\" data-letter-index=\"28\" data-letter=\"s\">s<\/span><span class=\"premium-title-style9-letter\" data-letter-index=\"29\" data-letter=\" \"> <\/span><span class=\"premium-title-style9-letter\" data-letter-index=\"30\" data-letter=\"p\">p<\/span><span class=\"premium-title-style9-letter\" data-letter-index=\"31\" data-letter=\"a\">a<\/span><span class=\"premium-title-style9-letter\" data-letter-index=\"32\" data-letter=\"c\">c<\/span><span class=\"premium-title-style9-letter\" data-letter-index=\"33\" data-letter=\"k\">k<\/span><span class=\"premium-title-style9-letter\" data-letter-index=\"34\" data-letter=\"s\">s<\/span><span class=\"premium-title-style9-letter\" data-letter-index=\"35\" data-letter=\" \"> <\/span><span class=\"premium-title-style9-letter\" data-letter-index=\"36\" data-letter=\"d\">d<\/span><span class=\"premium-title-style9-letter\" data-letter-index=\"37\" data-letter=\"e\">e<\/span><span class=\"premium-title-style9-letter\" data-letter-index=\"38\" data-letter=\" \"> <\/span><span class=\"premium-title-style9-letter\" data-letter-index=\"39\" data-letter=\"f\">f<\/span><span class=\"premium-title-style9-letter\" data-letter-index=\"40\" data-letter=\"o\">o<\/span><span class=\"premium-title-style9-letter\" data-letter-index=\"41\" data-letter=\"r\">r<\/span><span class=\"premium-title-style9-letter\" data-letter-index=\"42\" data-letter=\"m\">m<\/span><span class=\"premium-title-style9-letter\" data-letter-index=\"43\" data-letter=\"a\">a<\/span><span class=\"premium-title-style9-letter\" data-letter-index=\"44\" data-letter=\"t\">t<\/span><span class=\"premium-title-style9-letter\" data-letter-index=\"45\" data-letter=\"i\">i<\/span><span class=\"premium-title-style9-letter\" data-letter-index=\"46\" data-letter=\"o\">o<\/span><span class=\"premium-title-style9-letter\" data-letter-index=\"47\" data-letter=\"n\">n<\/span><span class=\"premium-title-style9-letter\" data-letter-index=\"48\" data-letter=\"s\">s<\/span><span class=\"premium-title-style9-letter\" data-letter-index=\"49\" data-letter=\" \"> <\/span><span class=\"premium-title-style9-letter\" data-letter-index=\"50\" data-letter=\"c\">c<\/span><span class=\"premium-title-style9-letter\" data-letter-index=\"51\" data-letter=\"o\">o<\/span><span class=\"premium-title-style9-letter\" data-letter-index=\"52\" data-letter=\"m\">m<\/span><span class=\"premium-title-style9-letter\" data-letter-index=\"53\" data-letter=\"p\">p<\/span><span class=\"premium-title-style9-letter\" data-letter-index=\"54\" data-letter=\"l\">l<\/span><span class=\"premium-title-style9-letter\" data-letter-index=\"55\" data-letter=\"\u00e8\">\u00e8<\/span><span class=\"premium-title-style9-letter\" data-letter-index=\"56\" data-letter=\"t\">t<\/span><span class=\"premium-title-style9-letter\" data-letter-index=\"57\" data-letter=\"e\">e<\/span><span class=\"premium-title-style9-letter\" data-letter-index=\"58\" data-letter=\"s\">s<\/span><span class=\"premium-title-style9-letter\" data-letter-index=\"59\" data-letter=\" \"> <\/span><span class=\"premium-title-style9-letter\" data-letter-index=\"60\" data-letter=\":\">:<\/span><\/span>\t\t\t\n\t\t\t\t\t\t\t\t<\/h2>\n\t<\/div>\n\n\t\t\t\t<\/div>\n\t\t\t\t<\/div>\n\t\t\t\t\t<\/div>\n\t\t<\/div>\n\t\t\t\t\t\t\t<\/div>\n\t\t<\/section>\n\t\t\t\t<section class=\"elementor-section elementor-top-section elementor-element elementor-element-75be29d elementor-section-stretched elementor-section-boxed elementor-section-height-default elementor-section-height-default\" data-id=\"75be29d\" data-element_type=\"section\" data-settings=\"{&quot;stretch_section&quot;:&quot;section-stretched&quot;}\">\n\t\t\t\t\t\t<div class=\"elementor-container elementor-column-gap-default\">\n\t\t\t\t\t<div class=\"elementor-column elementor-col-50 elementor-top-column elementor-element elementor-element-ec38975\" data-id=\"ec38975\" data-element_type=\"column\">\n\t\t\t<div class=\"elementor-widget-wrap elementor-element-populated\">\n\t\t\t\t\t\t\t\t<div class=\"elementor-element elementor-element-e264ce6 elementor-widget elementor-widget-image\" data-id=\"e264ce6\" data-element_type=\"widget\" data-widget_type=\"image.default\">\n\t\t\t\t<div class=\"elementor-widget-container\">\n\t\t\t\t\t\t\t\t\t\t\t\t\t\t\t<img loading=\"lazy\" decoding=\"async\" width=\"336\" height=\"150\" src=\"https:\/\/webmaster.bmperp.com\/wp-content\/uploads\/2021\/10\/telechargement-20.jpg\" class=\"attachment-large size-large\" alt=\"\" \/>\t\t\t\t\t\t\t\t\t\t\t\t\t\t\t<\/div>\n\t\t\t\t<\/div>\n\t\t\t\t\t<\/div>\n\t\t<\/div>\n\t\t\t\t<div class=\"elementor-column elementor-col-50 elementor-top-column elementor-element elementor-element-3c56a94\" data-id=\"3c56a94\" data-element_type=\"column\">\n\t\t\t<div class=\"elementor-widget-wrap elementor-element-populated\">\n\t\t\t\t\t\t\t\t<div class=\"elementor-element elementor-element-4c023a2 elementor-widget elementor-widget-image\" data-id=\"4c023a2\" data-element_type=\"widget\" data-widget_type=\"image.default\">\n\t\t\t\t<div class=\"elementor-widget-container\">\n\t\t\t\t\t\t\t\t\t\t\t\t\t\t\t<img loading=\"lazy\" decoding=\"async\" width=\"336\" height=\"150\" src=\"https:\/\/webmaster.bmperp.com\/wp-content\/uploads\/2021\/10\/telechargement-14-2.jpg\" class=\"attachment-large size-large\" alt=\"\" \/>\t\t\t\t\t\t\t\t\t\t\t\t\t\t\t<\/div>\n\t\t\t\t<\/div>\n\t\t\t\t\t<\/div>\n\t\t<\/div>\n\t\t\t\t\t\t\t<\/div>\n\t\t<\/section>\n\t\t\t\t<section class=\"elementor-section elementor-top-section elementor-element elementor-element-9f79741 elementor-section-stretched elementor-section-boxed elementor-section-height-default elementor-section-height-default\" data-id=\"9f79741\" data-element_type=\"section\" data-settings=\"{&quot;stretch_section&quot;:&quot;section-stretched&quot;}\">\n\t\t\t\t\t\t<div class=\"elementor-container elementor-column-gap-default\">\n\t\t\t\t\t<div class=\"elementor-column elementor-col-50 elementor-top-column elementor-element elementor-element-245478a\" data-id=\"245478a\" data-element_type=\"column\">\n\t\t\t<div class=\"elementor-widget-wrap elementor-element-populated\">\n\t\t\t\t\t\t\t\t<div class=\"elementor-element elementor-element-8a21475 elementor-widget elementor-widget-premium-addon-title\" data-id=\"8a21475\" data-element_type=\"widget\" data-widget_type=\"premium-addon-title.default\">\n\t\t\t\t<div class=\"elementor-widget-container\">\n\t\t\t\n\t<div class=\"premium-title-container style7\">\n\t\t<h2 class=\"premium-title-header premium-title-style7\">\n\t\t\t\t\t\t\t\t\t\t\t\t<span class=\"premium-title-style7-stripe-wrap\">\n\t\t\t\t\t\t<span class=\"premium-title-style7-stripe\"><\/span>\n\t\t\t\t\t<\/span>\n\t\t\t\t\t\t\t\t<div class=\"premium-title-style7-inner\">\n\t\t\t\n\t\t\t\n\t\t\t\t\t\t\t\t\t\t\t\t\t\t\t\t<span class=\"premium-title-text\" >\n\t\t\t\tPack RH\t\t\t<\/span>\n\t\t\t\t\n\t\t\t\t\t\t\t<\/div>\n\t\t\t\t\t\t\t\t<\/h2>\n\t<\/div>\n\n\t\t\t\t<\/div>\n\t\t\t\t<\/div>\n\t\t\t\t<div class=\"elementor-element elementor-element-954d0a0 elementor-widget elementor-widget-heading\" data-id=\"954d0a0\" data-element_type=\"widget\" data-widget_type=\"heading.default\">\n\t\t\t\t<div class=\"elementor-widget-container\">\n\t\t\t<h6 class=\"elementor-heading-title elementor-size-default\">20 Jours<\/h6>\t\t<\/div>\n\t\t\t\t<\/div>\n\t\t\t\t<div class=\"elementor-element elementor-element-30e3d19 elementor-widget elementor-widget-text-editor\" data-id=\"30e3d19\" data-element_type=\"widget\" data-widget_type=\"text-editor.default\">\n\t\t\t\t<div class=\"elementor-widget-container\">\n\t\t\t\t\t\t\t<h6>&#8211; Optimisez le professionnalisme de vos ressources Humaines<br \/><br \/>&#8211; Optez pour un cycle qui deviendra un v\u00e9ritable acc\u00e9l\u00e9rateur de r\u00e9ussite<\/h6>\t\t\t\t\t\t<\/div>\n\t\t\t\t<\/div>\n\t\t\t\t\t<\/div>\n\t\t<\/div>\n\t\t\t\t<div class=\"elementor-column elementor-col-50 elementor-top-column elementor-element elementor-element-d52270d\" data-id=\"d52270d\" data-element_type=\"column\">\n\t\t\t<div class=\"elementor-widget-wrap elementor-element-populated\">\n\t\t\t\t\t\t\t\t<div class=\"elementor-element elementor-element-45f21f5 elementor-widget elementor-widget-premium-addon-title\" data-id=\"45f21f5\" data-element_type=\"widget\" data-widget_type=\"premium-addon-title.default\">\n\t\t\t\t<div class=\"elementor-widget-container\">\n\t\t\t\n\t<div class=\"premium-title-container style7\">\n\t\t<h2 class=\"premium-title-header premium-title-style7\">\n\t\t\t\t\t\t\t\t\t\t\t\t<span class=\"premium-title-style7-stripe-wrap\">\n\t\t\t\t\t\t<span class=\"premium-title-style7-stripe\"><\/span>\n\t\t\t\t\t<\/span>\n\t\t\t\t\t\t\t\t<div class=\"premium-title-style7-inner\">\n\t\t\t\n\t\t\t\n\t\t\t\t\t\t\t\t\t\t\t\t\t\t\t\t<span class=\"premium-title-text\" >\n\t\t\t\tPack Gestion :\t\t\t<\/span>\n\t\t\t\t\n\t\t\t\t\t\t\t<\/div>\n\t\t\t\t\t\t\t\t<\/h2>\n\t<\/div>\n\n\t\t\t\t<\/div>\n\t\t\t\t<\/div>\n\t\t\t\t<div class=\"elementor-element elementor-element-1a3fbc8 elementor-widget elementor-widget-heading\" data-id=\"1a3fbc8\" data-element_type=\"widget\" data-widget_type=\"heading.default\">\n\t\t\t\t<div class=\"elementor-widget-container\">\n\t\t\t<h6 class=\"elementor-heading-title elementor-size-default\">14 Jours<\/h6>\t\t<\/div>\n\t\t\t\t<\/div>\n\t\t\t\t<div class=\"elementor-element elementor-element-38e1702 elementor-widget elementor-widget-text-editor\" data-id=\"38e1702\" data-element_type=\"widget\" data-widget_type=\"text-editor.default\">\n\t\t\t\t<div class=\"elementor-widget-container\">\n\t\t\t\t\t\t\t<h6>-Optimisez la gestion administrative<\/h6><h6>&#8211; Pilotez l\u2019ensemble de votre activit\u00e9<\/h6>\t\t\t\t\t\t<\/div>\n\t\t\t\t<\/div>\n\t\t\t\t\t<\/div>\n\t\t<\/div>\n\t\t\t\t\t\t\t<\/div>\n\t\t<\/section>\n\t\t\t\t\t\t<\/div>\n\t\t\t\t\t<\/div>\n\t\t","protected":false},"excerpt":{"rendered":"<p>Forcomm propose un large choix de formation de courte dur\u00e9e en RH-Gestion afin de vous initier ou de vous perfectionnez dans le domaine choisi gr\u00e2ce [&#8230;]<\/p>\n","protected":false},"author":1,"featured_media":0,"parent":0,"menu_order":0,"comment_status":"closed","ping_status":"closed","template":"templates\/template-no-title.php","meta":{"footnotes":""},"class_list":["post-447","page","type-page","status-publish","hentry"],"yoast_head":"<!-- This site is optimized with the Yoast SEO plugin v17.5 - https:\/\/yoast.com\/wordpress\/plugins\/seo\/ -->\n<title>RH-comptabilit\u00e9 paie - Forcomm<\/title>\n<meta name=\"robots\" content=\"index, follow, max-snippet:-1, max-image-preview:large, max-video-preview:-1\" \/>\n<link rel=\"canonical\" href=\"https:\/\/webmaster.bmperp.com\/index.php\/rh-comptabilite-paie\/\" \/>\n<meta property=\"og:locale\" content=\"fr_FR\" \/>\n<meta property=\"og:type\" content=\"article\" \/>\n<meta property=\"og:title\" content=\"RH-comptabilit\u00e9 paie - Forcomm\" \/>\n<meta property=\"og:description\" content=\"Forcomm propose un large choix de formation de courte dur\u00e9e en RH-Gestion afin de vous initier ou de vous perfectionnez dans le domaine choisi gr\u00e2ce [...]\" \/>\n<meta property=\"og:url\" content=\"https:\/\/webmaster.bmperp.com\/index.php\/rh-comptabilite-paie\/\" \/>\n<meta property=\"og:site_name\" content=\"Forcomm\" \/>\n<meta property=\"article:modified_time\" content=\"2021-11-08T23:22:36+00:00\" \/>\n<meta property=\"og:image\" content=\"http:\/\/localhost\/forcomm\/wp-content\/uploads\/2021\/10\/telechargement-22.jpg\" \/>\n<meta name=\"twitter:card\" content=\"summary_large_image\" \/>\n<meta name=\"twitter:label1\" content=\"Dur\u00e9e de lecture est.\" \/>\n\t<meta name=\"twitter:data1\" content=\"1 minute\" \/>\n<script type=\"application\/ld+json\" class=\"yoast-schema-graph\">{\"@context\":\"https:\/\/schema.org\",\"@graph\":[{\"@type\":\"WebSite\",\"@id\":\"http:\/\/webmaster.bmperp.com\/#website\",\"url\":\"http:\/\/webmaster.bmperp.com\/\",\"name\":\"Forcomm\",\"description\":\"OPTIMISTE\",\"potentialAction\":[{\"@type\":\"SearchAction\",\"target\":{\"@type\":\"EntryPoint\",\"urlTemplate\":\"http:\/\/webmaster.bmperp.com\/?s={search_term_string}\"},\"query-input\":\"required name=search_term_string\"}],\"inLanguage\":\"fr-FR\"},{\"@type\":\"ImageObject\",\"@id\":\"https:\/\/webmaster.bmperp.com\/index.php\/rh-comptabilite-paie\/#primaryimage\",\"inLanguage\":\"fr-FR\",\"url\":\"http:\/\/localhost\/forcomm\/wp-content\/uploads\/2021\/10\/telechargement-22.jpg\",\"contentUrl\":\"http:\/\/localhost\/forcomm\/wp-content\/uploads\/2021\/10\/telechargement-22.jpg\"},{\"@type\":\"WebPage\",\"@id\":\"https:\/\/webmaster.bmperp.com\/index.php\/rh-comptabilite-paie\/#webpage\",\"url\":\"https:\/\/webmaster.bmperp.com\/index.php\/rh-comptabilite-paie\/\",\"name\":\"RH-comptabilit\\u00e9 paie - Forcomm\",\"isPartOf\":{\"@id\":\"http:\/\/webmaster.bmperp.com\/#website\"},\"primaryImageOfPage\":{\"@id\":\"https:\/\/webmaster.bmperp.com\/index.php\/rh-comptabilite-paie\/#primaryimage\"},\"datePublished\":\"2021-10-20T12:22:29+00:00\",\"dateModified\":\"2021-11-08T23:22:36+00:00\",\"breadcrumb\":{\"@id\":\"https:\/\/webmaster.bmperp.com\/index.php\/rh-comptabilite-paie\/#breadcrumb\"},\"inLanguage\":\"fr-FR\",\"potentialAction\":[{\"@type\":\"ReadAction\",\"target\":[\"https:\/\/webmaster.bmperp.com\/index.php\/rh-comptabilite-paie\/\"]}]},{\"@type\":\"BreadcrumbList\",\"@id\":\"https:\/\/webmaster.bmperp.com\/index.php\/rh-comptabilite-paie\/#breadcrumb\",\"itemListElement\":[{\"@type\":\"ListItem\",\"position\":1,\"name\":\"Accueil\",\"item\":\"http:\/\/webmaster.bmperp.com\/\"},{\"@type\":\"ListItem\",\"position\":2,\"name\":\"RH-comptabilit\\u00e9 paie\"}]}]}<\/script>\n<!-- \/ Yoast SEO plugin. -->","yoast_head_json":{"title":"RH-comptabilit\u00e9 paie - Forcomm","robots":{"index":"index","follow":"follow","max-snippet":"max-snippet:-1","max-image-preview":"max-image-preview:large","max-video-preview":"max-video-preview:-1"},"canonical":"https:\/\/webmaster.bmperp.com\/index.php\/rh-comptabilite-paie\/","og_locale":"fr_FR","og_type":"article","og_title":"RH-comptabilit\u00e9 paie - Forcomm","og_description":"Forcomm propose un large choix de formation de courte dur\u00e9e en RH-Gestion afin de vous initier ou de vous perfectionnez dans le domaine choisi gr\u00e2ce [...]","og_url":"https:\/\/webmaster.bmperp.com\/index.php\/rh-comptabilite-paie\/","og_site_name":"Forcomm","article_modified_time":"2021-11-08T23:22:36+00:00","og_image":[{"url":"http:\/\/localhost\/forcomm\/wp-content\/uploads\/2021\/10\/telechargement-22.jpg"}],"twitter_card":"summary_large_image","twitter_misc":{"Dur\u00e9e de lecture est.":"1 minute"},"schema":{"@context":"https:\/\/schema.org","@graph":[{"@type":"WebSite","@id":"http:\/\/webmaster.bmperp.com\/#website","url":"http:\/\/webmaster.bmperp.com\/","name":"Forcomm","description":"OPTIMISTE","potentialAction":[{"@type":"SearchAction","target":{"@type":"EntryPoint","urlTemplate":"http:\/\/webmaster.bmperp.com\/?s={search_term_string}"},"query-input":"required name=search_term_string"}],"inLanguage":"fr-FR"},{"@type":"ImageObject","@id":"https:\/\/webmaster.bmperp.com\/index.php\/rh-comptabilite-paie\/#primaryimage","inLanguage":"fr-FR","url":"http:\/\/localhost\/forcomm\/wp-content\/uploads\/2021\/10\/telechargement-22.jpg","contentUrl":"http:\/\/localhost\/forcomm\/wp-content\/uploads\/2021\/10\/telechargement-22.jpg"},{"@type":"WebPage","@id":"https:\/\/webmaster.bmperp.com\/index.php\/rh-comptabilite-paie\/#webpage","url":"https:\/\/webmaster.bmperp.com\/index.php\/rh-comptabilite-paie\/","name":"RH-comptabilit\u00e9 paie - Forcomm","isPartOf":{"@id":"http:\/\/webmaster.bmperp.com\/#website"},"primaryImageOfPage":{"@id":"https:\/\/webmaster.bmperp.com\/index.php\/rh-comptabilite-paie\/#primaryimage"},"datePublished":"2021-10-20T12:22:29+00:00","dateModified":"2021-11-08T23:22:36+00:00","breadcrumb":{"@id":"https:\/\/webmaster.bmperp.com\/index.php\/rh-comptabilite-paie\/#breadcrumb"},"inLanguage":"fr-FR","potentialAction":[{"@type":"ReadAction","target":["https:\/\/webmaster.bmperp.com\/index.php\/rh-comptabilite-paie\/"]}]},{"@type":"BreadcrumbList","@id":"https:\/\/webmaster.bmperp.com\/index.php\/rh-comptabilite-paie\/#breadcrumb","itemListElement":[{"@type":"ListItem","position":1,"name":"Accueil","item":"http:\/\/webmaster.bmperp.com\/"},{"@type":"ListItem","position":2,"name":"RH-comptabilit\u00e9 paie"}]}]}},"_links":{"self":[{"href":"https:\/\/webmaster.bmperp.com\/index.php\/wp-json\/wp\/v2\/pages\/447","targetHints":{"allow":["GET"]}}],"collection":[{"href":"https:\/\/webmaster.bmperp.com\/index.php\/wp-json\/wp\/v2\/pages"}],"about":[{"href":"https:\/\/webmaster.bmperp.com\/index.php\/wp-json\/wp\/v2\/types\/page"}],"author":[{"embeddable":true,"href":"https:\/\/webmaster.bmperp.com\/index.php\/wp-json\/wp\/v2\/users\/1"}],"replies":[{"embeddable":true,"href":"https:\/\/webmaster.bmperp.com\/index.php\/wp-json\/wp\/v2\/comments?post=447"}],"version-history":[{"count":12,"href":"https:\/\/webmaster.bmperp.com\/index.php\/wp-json\/wp\/v2\/pages\/447\/revisions"}],"predecessor-version":[{"id":816,"href":"https:\/\/webmaster.bmperp.com\/index.php\/wp-json\/wp\/v2\/pages\/447\/revisions\/816"}],"wp:attachment":[{"href":"https:\/\/webmaster.bmperp.com\/index.php\/wp-json\/wp\/v2\/media?parent=447"}],"curies":[{"name":"wp","href":"https:\/\/api.w.org\/{rel}","templated":true}]}}